{"id":11,"date":"2013-11-22T15:37:02","date_gmt":"2013-11-22T15:37:02","guid":{"rendered":"http:\/\/johanglaumann.se\/en\/?page_id=8"},"modified":"2019-08-05T13:52:37","modified_gmt":"2019-08-05T13:52:37","slug":"sceonographydesign","status":"publish","type":"page","link":"https:\/\/johanglaumann.se\/en\/sceonographydesign\/","title":{"rendered":"Stage design"},"content":{"rendered":"<p><img loading=\"lazy\" decoding=\"async\" class=\"alignnone size-medium wp-image-19\" alt=\"File0003\" src=\"http:\/\/johanglaumann.se\/wp-content\/uploads\/2013\/11\/File0003.jpg\" width=\"640\" height=\"400\" \/><\/p>\n<h6>Photo: Johan Glaumann<\/h6>\n<\/p>\n<p>After a number of courses at the Folkuniversitetet (extension university) and at the Swedish Dramatic Institute, I have worked with music-related assignments for opera, cabaret and slideshow\/concert projects. Among these customers are Norrlandsoperan, Kalmar theater, Vadstena Academy and National Concerts.<br \/>\nI worked with Magic Flute by Mozart (Kalmar theater), The Circusgarden, a slideshow for MA-ensemble and Poetic Contemporary Cabaret (Rikskonserter, National concerts) Erwartung of Sch\u00f6berg (Norrlandsoperan). At the Vadstena Academy, Silverringen, Les Grandes Nuits and Riddartornet (also at V\u00e4ster\u00e5s theater)<\/p>\n<p>In addition to this I also taught in stage and costume design at the Institute of Education.<\/p>\n","protected":false},"excerpt":{"rendered":"<p>Photo: Johan Glaumann After a number of courses at the Folkuniversitetet (extension university) and at the Swedish Dramatic Institute, I have worked with music-related assignments for opera, cabaret and slideshow\/concert projects. Among these customers are Norrlandsoperan, Kalmar theater, Vadstena Academy and National Concerts. I worked with Magic Flute by Mozart (Kalmar theater), The Circusgarden, a &hellip; <a href=\"https:\/\/johanglaumann.se\/en\/sceonographydesign\/\" class=\"more-link\">Continue reading <span class=\"screen-reader-text\">Stage design<\/span> <span class=\"meta-nav\">&rarr;<\/span><\/a><\/p>\n","protected":false},"author":1,"featured_media":0,"parent":0,"menu_order":2,"comment_status":"closed","ping_status":"closed","template":"","meta":{"footnotes":""},"class_list":["post-11","page","type-page","status-publish","hentry"],"_links":{"self":[{"href":"https:\/\/johanglaumann.se\/en\/wp-json\/wp\/v2\/pages\/11","targetHints":{"allow":["GET"]}}],"collection":[{"href":"https:\/\/johanglaumann.se\/en\/wp-json\/wp\/v2\/pages"}],"about":[{"href":"https:\/\/johanglaumann.se\/en\/wp-json\/wp\/v2\/types\/page"}],"author":[{"embeddable":true,"href":"https:\/\/johanglaumann.se\/en\/wp-json\/wp\/v2\/users\/1"}],"replies":[{"embeddable":true,"href":"https:\/\/johanglaumann.se\/en\/wp-json\/wp\/v2\/comments?post=11"}],"version-history":[{"count":3,"href":"https:\/\/johanglaumann.se\/en\/wp-json\/wp\/v2\/pages\/11\/revisions"}],"predecessor-version":[{"id":41,"href":"https:\/\/johanglaumann.se\/en\/wp-json\/wp\/v2\/pages\/11\/revisions\/41"}],"wp:attachment":[{"href":"https:\/\/johanglaumann.se\/en\/wp-json\/wp\/v2\/media?parent=11"}],"curies":[{"name":"wp","href":"https:\/\/api.w.org\/{rel}","templated":true}]}}